{"id":6594,"date":"2022-03-03T20:13:15","date_gmt":"2022-03-03T19:13:15","guid":{"rendered":"https:\/\/tomasapostol.es\/wp\/?page_id=6594"},"modified":"2022-03-03T20:14:34","modified_gmt":"2022-03-03T19:14:34","slug":"cuaresma-21-22","status":"publish","type":"page","link":"https:\/\/tomasapostol.es\/wp\/liturgia\/homilias\/c-par-21-22\/cuaresma-21-22\/","title":{"rendered":"CUARESMA 21-22"},"content":{"rendered":"\n<div id=\"ms_avp\" style=\"max-width:99%;box-sizing:border-box;margin-left:auto;margin-right:auto;margin-top:2px;width:100%;\"><audio id=\"codepeople_media_player1776866840735830\" width=\"100%\" height=\"70\" class=\"codepeople-media classic-skin\" preload=\"none\" style=\"max-width:99%;box-sizing:border-box;margin-left:auto;margin-right:auto;margin-top:2px;width:100%;\"><source src=\"\/\/tomasapostol.es\/wp\/wp-content\/uploads\/2022\/03\/Miercoles-de-ceniza-C-par-2022.mp3\" type=\"audio\/mp3\" \/><\/audio><ul id=\"codepeople_media_player1776866840735830-list\" class=\"\" style=\"display:none;\"><li value=\"{&quot;source&quot;:[{&quot;src&quot;:&quot;\\\/\\\/tomasapostol.es\\\/wp\\\/wp-content\\\/uploads\\\/2022\\\/03\\\/Miercoles-de-ceniza-C-par-2022.mp3&quot;,&quot;type&quot;:&quot;audio\\\/mp3&quot;}],&quot;track&quot;:[]}\"><span class=\"cpmp-annotation\">Mi\u00e9rcoles de Ceniza<\/span><\/li> <li value=\"{&quot;source&quot;:[{&quot;src&quot;:&quot;\\\/\\\/tomasapostol.es\\\/wp\\\/wp-content\\\/uploads\\\/2022\\\/03\\\/I-Cuaresma-C-par.mp3&quot;,&quot;type&quot;:&quot;audio\\\/mp3&quot;}],&quot;track&quot;:[]}\"><span class=\"cpmp-annotation\">I Cuaresma: \u00abEst\u00e1 escrito: \u201cNo solo de pan vive el hombre\u201d\u00bb.<\/span><\/li> <li value=\"{&quot;source&quot;:[{&quot;src&quot;:&quot;\\\/\\\/tomasapostol.es\\\/wp\\\/wp-content\\\/uploads\\\/2022\\\/03\\\/II-Cuaresma-C-par-Ramon-2-.mp3&quot;,&quot;type&quot;:&quot;audio\\\/mp3&quot;}],&quot;track&quot;:[]}\"><span class=\"cpmp-annotation\">II Cuaresma: \u201cEste es mi Hijo, mi Elegido; escuchadle\u201d<\/span><\/li> <li value=\"{&quot;source&quot;:[{&quot;src&quot;:&quot;\\\/\\\/tomasapostol.es\\\/wp\\\/wp-content\\\/uploads\\\/2022\\\/03\\\/San-Jose-2022-Carlos.mp3&quot;,&quot;type&quot;:&quot;audio\\\/mp3&quot;}],&quot;track&quot;:[]}\"><span class=\"cpmp-annotation\">San Jos\u00e9, esposo de la Virgen<\/span><\/li> <li value=\"{&quot;source&quot;:[{&quot;src&quot;:&quot;\\\/\\\/tomasapostol.es\\\/wp\\\/wp-content\\\/uploads\\\/2022\\\/03\\\/III-Cuaresma-C-par-Marcos.mp3&quot;,&quot;type&quot;:&quot;audio\\\/mp3&quot;}],&quot;track&quot;:[]}\"><span class=\"cpmp-annotation\">III Cuaresma: \u00abSi no os convert\u00eds, todos perecer\u00e9is de la misma manera.\u00ab<\/span><\/li> <li value=\"{&quot;source&quot;:[{&quot;src&quot;:&quot;\\\/\\\/tomasapostol.es\\\/wp\\\/wp-content\\\/uploads\\\/2022\\\/03\\\/IV-Cuaresma-C-par-Carlos.mp3&quot;,&quot;type&quot;:&quot;audio\\\/mp3&quot;}],&quot;track&quot;:[]}\"><span class=\"cpmp-annotation\">IV Cuaresma (Laetare): \u00abMe levantar\u00e9, me pondr\u00e9 en camino adonde est\u00e1 mi padre\u00bb<\/span><\/li> <li value=\"{&quot;source&quot;:[{&quot;src&quot;:&quot;\\\/\\\/tomasapostol.es\\\/wp\\\/wp-content\\\/uploads\\\/2022\\\/04\\\/V-Cuaresma-C-par.mp3&quot;,&quot;type&quot;:&quot;audio\\\/mp3&quot;}],&quot;track&quot;:[]}\"><span class=\"cpmp-annotation\">V Cuaresma: \u00abEl que est\u00e9 sin pecado, que le tire la primera piedra.\u00bb<\/span><\/li><\/ul><noscript>audio-and-video-player require JavaScript<\/noscript><div style=\"clear:both;\"><\/div><\/div>\n\n\n\n<p><\/p>\n","protected":false},"excerpt":{"rendered":"","protected":false},"author":1,"featured_media":0,"parent":6317,"menu_order":0,"comment_status":"closed","ping_status":"closed","template":"","meta":{"jetpack_post_was_ever_published":false,"footnotes":""},"class_list":["post-6594","page","type-page","status-publish","hentry"],"jetpack_shortlink":"https:\/\/wp.me\/P8ElBS-1Im","jetpack_sharing_enabled":true,"publishpress_future_workflow_manual_trigger":{"enabledWorkflows":[]},"_links":{"self":[{"href":"https:\/\/tomasapostol.es\/wp\/wp-json\/wp\/v2\/pages\/6594","targetHints":{"allow":["GET"]}}],"collection":[{"href":"https:\/\/tomasapostol.es\/wp\/wp-json\/wp\/v2\/pages"}],"about":[{"href":"https:\/\/tomasapostol.es\/wp\/wp-json\/wp\/v2\/types\/page"}],"author":[{"embeddable":true,"href":"https:\/\/tomasapostol.es\/wp\/wp-json\/wp\/v2\/users\/1"}],"replies":[{"embeddable":true,"href":"https:\/\/tomasapostol.es\/wp\/wp-json\/wp\/v2\/comments?post=6594"}],"version-history":[{"count":1,"href":"https:\/\/tomasapostol.es\/wp\/wp-json\/wp\/v2\/pages\/6594\/revisions"}],"predecessor-version":[{"id":6595,"href":"https:\/\/tomasapostol.es\/wp\/wp-json\/wp\/v2\/pages\/6594\/revisions\/6595"}],"up":[{"embeddable":true,"href":"https:\/\/tomasapostol.es\/wp\/wp-json\/wp\/v2\/pages\/6317"}],"wp:attachment":[{"href":"https:\/\/tomasapostol.es\/wp\/wp-json\/wp\/v2\/media?parent=6594"}],"curies":[{"name":"wp","href":"https:\/\/api.w.org\/{rel}","templated":true}]}}