{"id":3416,"date":"2019-06-06T19:14:05","date_gmt":"2019-06-06T17:14:05","guid":{"rendered":"https:\/\/tomasapostol.es\/wp\/?page_id=3416"},"modified":"2026-04-04T20:04:03","modified_gmt":"2026-04-04T18:04:03","slug":"recientes","status":"publish","type":"page","link":"https:\/\/tomasapostol.es\/wp\/liturgia\/homilias\/recientes\/","title":{"rendered":"Recientes"},"content":{"rendered":"\n<figure class=\"wp-block-audio\"><audio controls src=\"https:\/\/tomasapostol.es\/wp\/wp-content\/uploads\/2026\/04\/Viernes-Santo-Homilia.mp3\"><\/audio><figcaption class=\"wp-element-caption\"><strong>Viernes Santo<\/strong><br><em>Is 52, 13-53, 12; Hb 4, 14-16; 5, 7-9; Jn 18, 1-19, 42<\/em><\/figcaption><\/figure>\n\n\n\n<figure class=\"wp-block-audio\"><audio controls src=\"https:\/\/tomasapostol.es\/wp\/wp-content\/uploads\/2026\/04\/Jueves-Santo-Homilia.mp3\"><\/audio><figcaption class=\"wp-element-caption\"><strong>Jueves Santo<\/strong><br><em>Ex 12, 1-8.11-14; 1Co 11, 23-26; Jn 13, 1-15<\/em><\/figcaption><\/figure>\n\n\n\n<figure class=\"wp-block-audio\"><audio controls src=\"https:\/\/tomasapostol.es\/wp\/wp-content\/uploads\/2026\/04\/Domingo-de-Ramos.mp3\"><\/audio><figcaption class=\"wp-element-caption\"><strong>Domingo de Ramos<\/strong><br><em>Is 50, 4-7; Flp 2, 6-11; Mt 21,1-11; 26,14-27, 66<\/em><\/figcaption><\/figure>\n\n\n\n<figure class=\"wp-block-audio\"><audio controls src=\"https:\/\/tomasapostol.es\/wp\/wp-content\/uploads\/2026\/03\/V-Cuaresma-A-par.mp3\"><\/audio><figcaption class=\"wp-element-caption\"><strong>Domingo V Cuaresma<\/strong><br><em>Camilo Ruiz, presb\u00edtero (Ez 37, 12-14; Rm 8, 8-11; Jn 11, 1\u2013 45)<\/em><br>Resurrecci\u00f3n de L\u00e1zaro<\/figcaption><\/figure>\n\n\n\n<figure class=\"wp-block-audio\"><audio controls src=\"https:\/\/tomasapostol.es\/wp\/wp-content\/uploads\/2026\/03\/San-Jose.mp3\"><\/audio><figcaption class=\"wp-element-caption\"><strong>Solemnidad de San Jos\u00e9, esposo de la Virgen.<\/strong><br><em>Carlos Gim\u00e9nez, presb\u00edtero (2S 7, 4-5.12-14.16; Rm 4, 13.16-18.22; Mt 1, 16.18-21.24<\/em>)<\/figcaption><\/figure>\n\n\n\n<figure class=\"wp-block-audio\"><audio controls src=\"https:\/\/tomasapostol.es\/wp\/wp-content\/uploads\/2026\/03\/IV-Cuaresma-A-par.mp3\"><\/audio><figcaption class=\"wp-element-caption\"><strong>Domingo IV Cuaresma<\/strong> (Laetare)<br><em>Jos\u00e9 Ram\u00f3n Crespo, p\u00e1rroco (1S 16, 1.4.6-7.10-13; Ef 5, 8-14; Jn 9, 1-41<\/em>)<br>El ciego de nacimiento.<\/figcaption><\/figure>\n\n\n\n<figure class=\"wp-block-audio\"><audio controls src=\"https:\/\/tomasapostol.es\/wp\/wp-content\/uploads\/2026\/03\/III-Cuaresma-A-par-M.mp3\"><\/audio><figcaption class=\"wp-element-caption\"><strong>Domingo III Cuaresma<\/strong><br><em>Marcos Vidal, vicario (Ex 17, 3\u20137; Rm 5, 1\u20132. 5\u20138; Jn 4, 5-42.<\/em>)<br>La Samaritana<\/figcaption><\/figure>\n\n\n\n<figure class=\"wp-block-audio\"><audio controls src=\"https:\/\/tomasapostol.es\/wp\/wp-content\/uploads\/2026\/03\/II-Cuaresma-A-par.mp3\"><\/audio><figcaption class=\"wp-element-caption\"><strong>Domingo II Cuaresma<\/strong><br><em><em>Jos\u00e9 Ram\u00f3n Crespo, p\u00e1rroco<\/em><\/em> (<em>Ge 12, 1-4a; 2Tm 1, 8b-10; Mt 17, 1-9.<\/em>)<br>La Transfiguraci\u00f3n<\/figcaption><\/figure>\n\n\n\n<figure class=\"wp-block-audio\"><audio controls src=\"https:\/\/tomasapostol.es\/wp\/wp-content\/uploads\/2026\/02\/I-Cuaresma-A-par-R.mp3\"><\/audio><figcaption class=\"wp-element-caption\"><strong>Domingo I Cuaresma<\/strong><br><em><em>Jos\u00e9 Ram\u00f3n Crespo, p\u00e1rroco<\/em><\/em> (<em>Ge 2, 7-9; 3, 1-7; Rm 5, 12-19; Mt 4, 1-11.<\/em>)<br>\u00ab&#8230; Jes\u00fas fue llevado al desierto por el Esp\u00edritu para ser tentado por el diablo&#8230;\u00bb<\/figcaption><\/figure>\n\n\n\n<figure class=\"wp-block-audio\"><audio controls src=\"https:\/\/tomasapostol.es\/wp\/wp-content\/uploads\/2026\/02\/Miercoles-de-Ceniza-R.mp3\"><\/audio><figcaption class=\"wp-element-caption\"><strong>Mi\u00e9rcoles de Ceniza<\/strong><br><em>Jos\u00e9 Ram\u00f3n Crespo, p\u00e1rroco (Jl 2, 12-18; 2Co 5, 20-6,2; Mt 6, 1-6.16-18<\/em>)<\/figcaption><\/figure>\n\n\n\n<p class=\"has-text-align-center has-vivid-green-cyan-background-color has-background\" style=\"font-size:16px\"><em><strong>SUSCR\u00cdBETE<\/strong> para recibir las <strong>novedades <\/strong>que se publican. Recibir\u00e1s un mensaje con ellas. <\/em><br><em>Al final de la p\u00e1gina principal o de esta entrada, introduce tu correo.<\/em><\/p>\n","protected":false},"excerpt":{"rendered":"","protected":false},"author":1,"featured_media":0,"parent":2256,"menu_order":0,"comment_status":"closed","ping_status":"closed","template":"","meta":{"jetpack_post_was_ever_published":false,"footnotes":""},"class_list":["post-3416","page","type-page","status-publish","hentry"],"jetpack_shortlink":"https:\/\/wp.me\/P8ElBS-T6","jetpack_sharing_enabled":true,"publishpress_future_workflow_manual_trigger":{"enabledWorkflows":[]},"_links":{"self":[{"href":"https:\/\/tomasapostol.es\/wp\/wp-json\/wp\/v2\/pages\/3416","targetHints":{"allow":["GET"]}}],"collection":[{"href":"https:\/\/tomasapostol.es\/wp\/wp-json\/wp\/v2\/pages"}],"about":[{"href":"https:\/\/tomasapostol.es\/wp\/wp-json\/wp\/v2\/types\/page"}],"author":[{"embeddable":true,"href":"https:\/\/tomasapostol.es\/wp\/wp-json\/wp\/v2\/users\/1"}],"replies":[{"embeddable":true,"href":"https:\/\/tomasapostol.es\/wp\/wp-json\/wp\/v2\/comments?post=3416"}],"version-history":[{"count":450,"href":"https:\/\/tomasapostol.es\/wp\/wp-json\/wp\/v2\/pages\/3416\/revisions"}],"predecessor-version":[{"id":14247,"href":"https:\/\/tomasapostol.es\/wp\/wp-json\/wp\/v2\/pages\/3416\/revisions\/14247"}],"up":[{"embeddable":true,"href":"https:\/\/tomasapostol.es\/wp\/wp-json\/wp\/v2\/pages\/2256"}],"wp:attachment":[{"href":"https:\/\/tomasapostol.es\/wp\/wp-json\/wp\/v2\/media?parent=3416"}],"curies":[{"name":"wp","href":"https:\/\/api.w.org\/{rel}","templated":true}]}}