{"id":13502,"date":"2025-12-09T20:49:55","date_gmt":"2025-12-09T19:49:55","guid":{"rendered":"https:\/\/tomasapostol.es\/wp\/?page_id=13502"},"modified":"2025-12-09T20:50:19","modified_gmt":"2025-12-09T19:50:19","slug":"a-par-25-26","status":"publish","type":"page","link":"https:\/\/tomasapostol.es\/wp\/liturgia\/homilias\/a-par-25-26\/","title":{"rendered":"Ciclo A &#8211; par (25-26)"},"content":{"rendered":"\n<p class=\"has-medium-font-size\">Accede a la homil\u00edas del Tiempo que desees a trav\u00e9s del desplegable del men\u00fa.<\/p>\n\n\n\n<p class=\"has-text-align-center has-vivid-green-cyan-background-color has-background\" style=\"font-size:16px\"><em><strong>SUSCR\u00cdBETE<\/strong> para recibir las <strong>novedades <\/strong>que se publican. Recibir\u00e1s un mensaje con ellas. <\/em><br><em>Al final de la p\u00e1gina principal o de esta entrada, introduce tu correo.<\/em><\/p>\n","protected":false},"excerpt":{"rendered":"<p>Accede a la homil\u00edas del Tiempo que desees a trav\u00e9s del desplegable del men\u00fa.<\/p>\n","protected":false},"author":1,"featured_media":0,"parent":2256,"menu_order":0,"comment_status":"closed","ping_status":"closed","template":"","meta":{"jetpack_post_was_ever_published":false,"footnotes":""},"class_list":["post-13502","page","type-page","status-publish","hentry"],"jetpack_shortlink":"https:\/\/wp.me\/P8ElBS-3vM","jetpack_sharing_enabled":true,"publishpress_future_workflow_manual_trigger":{"enabledWorkflows":[]},"_links":{"self":[{"href":"https:\/\/tomasapostol.es\/wp\/wp-json\/wp\/v2\/pages\/13502","targetHints":{"allow":["GET"]}}],"collection":[{"href":"https:\/\/tomasapostol.es\/wp\/wp-json\/wp\/v2\/pages"}],"about":[{"href":"https:\/\/tomasapostol.es\/wp\/wp-json\/wp\/v2\/types\/page"}],"author":[{"embeddable":true,"href":"https:\/\/tomasapostol.es\/wp\/wp-json\/wp\/v2\/users\/1"}],"replies":[{"embeddable":true,"href":"https:\/\/tomasapostol.es\/wp\/wp-json\/wp\/v2\/comments?post=13502"}],"version-history":[{"count":3,"href":"https:\/\/tomasapostol.es\/wp\/wp-json\/wp\/v2\/pages\/13502\/revisions"}],"predecessor-version":[{"id":13505,"href":"https:\/\/tomasapostol.es\/wp\/wp-json\/wp\/v2\/pages\/13502\/revisions\/13505"}],"up":[{"embeddable":true,"href":"https:\/\/tomasapostol.es\/wp\/wp-json\/wp\/v2\/pages\/2256"}],"wp:attachment":[{"href":"https:\/\/tomasapostol.es\/wp\/wp-json\/wp\/v2\/media?parent=13502"}],"curies":[{"name":"wp","href":"https:\/\/api.w.org\/{rel}","templated":true}]}}